{"id":1021,"date":"2025-04-16T10:13:07","date_gmt":"2025-04-16T09:13:07","guid":{"rendered":"https:\/\/share.salesianssarria.com\/?page_id=1021"},"modified":"2025-04-30T10:39:56","modified_gmt":"2025-04-30T09:39:56","slug":"rifa-share","status":"publish","type":"page","link":"https:\/\/share.salesianssarria.com\/index.php\/rifa-share\/","title":{"rendered":"Rifa Share"},"content":{"rendered":"\n<p>Anualment, realitzem el sorteig de la Cistella Solid\u00e0ria, com una acci\u00f3 de sensibilitzaci\u00f3 i que permet donar continu\u00eftat a les diverses iniciatives solid\u00e0ries que impulsem.<\/p>\n\n\n\n<p>Gr\u00e0cies a la teva col\u00b7laboraci\u00f3 el Projecte Share pot desenvolupar diferents programes educatius i de suport social, que ajuden a millorar el futur dels i les joves de Z\u00e0mbia i recolzar les comunitats locals. A m\u00e9s, ofereix als nostres estudiants la possibilitat de realitzar un voluntariat internacional i viure una experi\u00e8ncia educativa de solidaritat fomenta el comprom\u00eds amb un m\u00f3n m\u00e9s just. <br>Amb la teva participaci\u00f3, tamb\u00e9, podrem ajudar a mantenir la casa d\u2019acollida City of Joy a Mazabuka, gestionada per les Salesianes de Don Bosco, que va n\u00e9ixer per acollir i oferir una oportunitat a noies en risc d\u2019exclusi\u00f3 social.<\/p>\n\n\n\n<p>El dimecres 23 d\u2019abril es fa el sorteig per con\u00e8ixer el guanyador de la Cistella Solid\u00e0ria entre totes les participacions venudes. El sorteig es realitzar\u00e0 a trav\u00e9s de la plataforma escolar dissenyada pel sorteig. Ser\u00e0 un sorteig p\u00fablic i en streaming per YouTube, tamb\u00e9, es convidar\u00e0 en directe als delegats de Grau Superior i a l\u2019equip directiu del centre. <br>Per sortejar cada premi, es generar\u00e0 de forma aleat\u00f2ria un n\u00famero de 4 d\u00edgits, un per un, i consultarem si el n\u00famero forma part del sorteig perqu\u00e8 ha estat venut. En el cas que no s\u2019hagi venut, es generar\u00e0 un altre n\u00famero aleat\u00f2riament, fins a obtenir un n\u00famero que s\u00ed que hagi entrat en el sorteig. Si el n\u00famero s\u2019ha venut, es considerar\u00e0 el n\u00famero guanyador. <br>Seguint el mateix procediment, es generaran dos n\u00fameros m\u00e9s perqu\u00e8 siguin el 1r suplent i 2n suplent del premi. Aquest procediment es realitzar\u00e0 tres vegades, per cada un dels premis.<\/p>\n\n\n\n<p>Consultar les <a href=\"https:\/\/drive.google.com\/file\/d\/1qshv71m7C6DFDLV6NH23F7vH3lt8Cl9U\/view?usp=sharing\" data-type=\"link\" data-id=\"https:\/\/drive.google.com\/file\/d\/1RqPqfMIuF-OI-9K-Ewa4XPDZK1Ftvrl0\/view?usp=drive_link\" target=\"_blank\" rel=\"noreferrer noopener\">bases del sorteig<\/a> del 2025.<\/p>\n\n\n\n<figure class=\"wp-block-gallery has-nested-images columns-default is-cropped wp-block-gallery-1 is-layout-flex wp-block-gallery-is-layout-flex\">\n<figure data-wp-context=\"{ &quot;core&quot;:\n\t\t\t\t{ &quot;image&quot;:\n\t\t\t\t\t{   &quot;imageLoaded&quot;: false,\n\t\t\t\t\t\t&quot;initialized&quot;: false,\n\t\t\t\t\t\t&quot;lightboxEnabled&quot;: false,\n\t\t\t\t\t\t&quot;hideAnimationEnabled&quot;: false,\n\t\t\t\t\t\t&quot;preloadInitialized&quot;: false,\n\t\t\t\t\t\t&quot;lightboxAnimation&quot;: &quot;zoom&quot;,\n\t\t\t\t\t\t&quot;imageUploadedSrc&quot;: &quot;https:\/\/share.salesianssarria.com\/wp-content\/uploads\/2025\/04\/Resultats-RIFA-SHARE-2025-e1746006103813.png&quot;,\n\t\t\t\t\t\t&quot;imageCurrentSrc&quot;: &quot;&quot;,\n\t\t\t\t\t\t&quot;targetWidth&quot;: &quot;400&quot;,\n\t\t\t\t\t\t&quot;targetHeight&quot;: &quot;400&quot;,\n\t\t\t\t\t\t&quot;scaleAttr&quot;: &quot;&quot;,\n\t\t\t\t\t\t&quot;dialogLabel&quot;: &quot;Imatge ampliada&quot;\n\t\t\t\t\t}\n\t\t\t\t}\n\t\t\t}\" data-wp-interactive class=\"wp-block-image size-large wp-lightbox-container\"><img loading=\"lazy\" decoding=\"async\" width=\"1024\" height=\"1024\" data-wp-effect--setStylesOnResize=\"effects.core.image.setStylesOnResize\" data-wp-effect=\"effects.core.image.setButtonStyles\" data-wp-init=\"effects.core.image.initOriginImage\" data-wp-on--click=\"actions.core.image.showLightbox\" data-wp-on--load=\"actions.core.image.handleLoad\" data-id=\"1029\" src=\"https:\/\/share.salesianssarria.com\/wp-content\/uploads\/2025\/04\/Resultats-RIFA-SHARE-2025-1024x1024.png\" alt=\"\" class=\"wp-image-1029\"\/><button\n\t\t\tclass=\"lightbox-trigger\"\n\t\t\ttype=\"button\"\n\t\t\taria-haspopup=\"dialog\"\n\t\t\taria-label=\"Amplia la imatge\"\n\t\t\tdata-wp-on--click=\"actions.core.image.showLightbox\"\n\t\t\tdata-wp-style--right=\"context.core.image.imageButtonRight\"\n\t\t\tdata-wp-style--top=\"context.core.image.imageButtonTop\"\n\t\t>\n\t\t\t<svg xmlns=\"http:\/\/www.w3.org\/2000\/svg\" width=\"12\" height=\"12\" fill=\"none\" viewBox=\"0 0 12 12\">\n\t\t\t\t<path fill=\"#fff\" d=\"M2 0a2 2 0 0 0-2 2v2h1.5V2a.5.5 0 0 1 .5-.5h2V0H2Zm2 10.5H2a.5.5 0 0 1-.5-.5V8H0v2a2 2 0 0 0 2 2h2v-1.5ZM8 12v-1.5h2a.5.5 0 0 0 .5-.5V8H12v2a2 2 0 0 1-2 2H8Zm2-12a2 2 0 0 1 2 2v2h-1.5V2a.5.5 0 0 0-.5-.5H8V0h2Z\" \/>\n\t\t\t<\/svg>\n\t\t<\/button>        <div data-wp-body=\"\" class=\"wp-lightbox-overlay zoom\"\n            data-wp-bind--role=\"selectors.core.image.roleAttribute\"\n            data-wp-bind--aria-label=\"selectors.core.image.dialogLabel\"\n            data-wp-class--initialized=\"context.core.image.initialized\"\n            data-wp-class--active=\"context.core.image.lightboxEnabled\"\n            data-wp-class--hideAnimationEnabled=\"context.core.image.hideAnimationEnabled\"\n            data-wp-bind--aria-modal=\"selectors.core.image.ariaModal\"\n            data-wp-effect=\"effects.core.image.initLightbox\"\n            data-wp-on--keydown=\"actions.core.image.handleKeydown\"\n            data-wp-on--touchstart=\"actions.core.image.handleTouchStart\"\n            data-wp-on--touchmove=\"actions.core.image.handleTouchMove\"\n            data-wp-on--touchend=\"actions.core.image.handleTouchEnd\"\n            data-wp-on--click=\"actions.core.image.hideLightbox\"\n            tabindex=\"-1\"\n            >\n                <button type=\"button\" aria-label=\"Tanca\" style=\"fill: #000\" class=\"close-button\" data-wp-on--click=\"actions.core.image.hideLightbox\">\n                    <svg xmlns=\"http:\/\/www.w3.org\/2000\/svg\" viewBox=\"0 0 24 24\" width=\"20\" height=\"20\" aria-hidden=\"true\" focusable=\"false\"><path d=\"M13 11.8l6.1-6.3-1-1-6.1 6.2-6.1-6.2-1 1 6.1 6.3-6.5 6.7 1 1 6.5-6.6 6.5 6.6 1-1z\"><\/path><\/svg>\n                <\/button>\n                <div class=\"lightbox-image-container\">\n<figure class=\"wp-block-image size-large responsive-image\"><img decoding=\"async\" data-wp-bind--src=\"context.core.image.imageCurrentSrc\" data-wp-style--object-fit=\"selectors.core.image.lightboxObjectFit\" data-id=\"1029\" src=\"\" alt=\"\" class=\"wp-image-1029\"\/><\/figure>\n<\/div>\n                <div class=\"lightbox-image-container\">\n<figure class=\"wp-block-image size-large enlarged-image\"><img decoding=\"async\" data-wp-bind--src=\"selectors.core.image.enlargedImgSrc\" data-wp-style--object-fit=\"selectors.core.image.lightboxObjectFit\" data-id=\"1029\" src=\"\" alt=\"\" class=\"wp-image-1029\"\/><\/figure>\n<\/div>\n                <div class=\"scrim\" style=\"background-color: #fff\" aria-hidden=\"true\"><\/div>\n        <\/div><\/figure>\n<\/figure>\n","protected":false},"excerpt":{"rendered":"<p>Anualment, realitzem el sorteig de la Cistella Solid\u00e0ria, com una acci\u00f3 de sensibilitzaci\u00f3 &hellip; <\/p>\n","protected":false},"author":6,"featured_media":0,"parent":0,"menu_order":0,"comment_status":"closed","ping_status":"closed","template":"","meta":{"footnotes":""},"_links":{"self":[{"href":"https:\/\/share.salesianssarria.com\/index.php\/wp-json\/wp\/v2\/pages\/1021"}],"collection":[{"href":"https:\/\/share.salesianssarria.com\/index.php\/wp-json\/wp\/v2\/pages"}],"about":[{"href":"https:\/\/share.salesianssarria.com\/index.php\/wp-json\/wp\/v2\/types\/page"}],"author":[{"embeddable":true,"href":"https:\/\/share.salesianssarria.com\/index.php\/wp-json\/wp\/v2\/users\/6"}],"replies":[{"embeddable":true,"href":"https:\/\/share.salesianssarria.com\/index.php\/wp-json\/wp\/v2\/comments?post=1021"}],"version-history":[{"count":5,"href":"https:\/\/share.salesianssarria.com\/index.php\/wp-json\/wp\/v2\/pages\/1021\/revisions"}],"predecessor-version":[{"id":1034,"href":"https:\/\/share.salesianssarria.com\/index.php\/wp-json\/wp\/v2\/pages\/1021\/revisions\/1034"}],"wp:attachment":[{"href":"https:\/\/share.salesianssarria.com\/index.php\/wp-json\/wp\/v2\/media?parent=1021"}],"curies":[{"name":"wp","href":"https:\/\/api.w.org\/{rel}","templated":true}]}}