{"id":138,"date":"2016-09-21T13:58:03","date_gmt":"2016-09-21T12:58:03","guid":{"rendered":"http:\/\/www.salesianssarria.com\/blog\/share-the-light\/?page_id=138"},"modified":"2023-11-20T12:47:02","modified_gmt":"2023-11-20T11:47:02","slug":"com-collaborar","status":"publish","type":"page","link":"https:\/\/share.salesianssarria.com\/index.php\/com-collaborar\/","title":{"rendered":"Com col\u00b7laborar?"},"content":{"rendered":"<p>Com cada curs, estem preparant diverses iniciatives per finan\u00e7ar el projecte i poder continuar amb la nostra tasca de<strong> voluntariat solidari a Z\u00e0mbia. <\/strong>Necessitem persones compromeses amb ganes de participar en el projecte, que ens ajudin a fer cr\u00e9ixer l&#8217;experi\u00e8ncia <strong>Share.<\/strong><\/p>\n<p>Share desenvolupa diferents <strong>projectes<\/strong> en l&#8217;\u00e0mbit educatiu i social, que ajuden a millorar la vida dels i les joves:<\/p>\n<ul>\n<li><strong>City of Joy:<\/strong> casa d&#8217;acollida de les Salesian Sisters, per noies en risc d&#8217;exclusi\u00f3 social a Mazabuka, viuen all\u00e0 fins que acaben els estudis de secund\u00e0ria. A les tardes, \u00e9s un oratori obert al barri i hi ha joves que col\u00b7laboren en el seu funcionament. A m\u00e9s, \u00e9s on s&#8217;allotgen els voluntaris cada any i s&#8217;inverteix a millorar les instal\u00b7lacions.<\/li>\n<li><strong>Scholarship Programme: <\/strong>programa de beques educatives on cada any alumnes de la zona de Mazabuka poden estudiar gr\u00e0cies al finan\u00e7ament que reben pels seus estudis.<\/li>\n<li><strong>Porridge Club: <\/strong>programa d&#8217;alimentaci\u00f3 escolar a Luyobolola School, per motivar l&#8217;assist\u00e8ncia dels alumnes a l&#8217;escola. La iniciativa arriba a 1200 nens i nenes a l&#8217;any amb un cost de 10\u20ac\/anuals per alumne.<\/li>\n<li><strong>Nutritional Programme: <\/strong>ajuda mensual d&#8217;elements de primera necessitat <em>(menjar, medicaments, roba&#8230;)\u00a0<\/em>a fam\u00edlies en situaci\u00f3 de pobresa extrema.<\/li>\n<li><strong>Salesians Bridges: <\/strong>programa de beques i acompanyament en una etapa m\u00e9s adulta de les noies que van viure a City of Joy i es troben en un canvi d&#8217;etapa.<\/li>\n<\/ul>\n<p>Si vols col\u00b7laborar de manera individual o en grup, qualsevol aportaci\u00f3 econ\u00f2mica rebuda ser\u00e0 benvinguda, tot suma! <strong>\u00a0 <a href=\"https:\/\/espaiescola.salesianssarria.com\/formularis\/tpv\/share-colabora\/\">FORMULARI DE COL\u00b7LABORACI\u00d3<\/a><\/strong><\/p>\n<p>Navega pel nostre blog i descobrir\u00e0s els <strong>testimonis<\/strong> d\u2019alumnes i professors voluntaris.<\/p>\n<div id='gallery-1' class='gallery galleryid-138 gallery-columns-3 gallery-size-large'><figure class='gallery-item'>\n\t\t\t<div class='gallery-icon landscape'>\n\t\t\t\t<img loading=\"lazy\" decoding=\"async\" width=\"735\" height=\"551\" src=\"https:\/\/share.salesianssarria.com\/wp-content\/uploads\/2016\/09\/DSC00850-1024x768.jpg\" class=\"attachment-large size-large\" alt=\"\" srcset=\"https:\/\/share.salesianssarria.com\/wp-content\/uploads\/2016\/09\/DSC00850-1024x768.jpg 1024w, https:\/\/share.salesianssarria.com\/wp-content\/uploads\/2016\/09\/DSC00850-300x225.jpg 300w, https:\/\/share.salesianssarria.com\/wp-content\/uploads\/2016\/09\/DSC00850-768x576.jpg 768w\" sizes=\"(max-width: 735px) 100vw, 735px\" \/>\n\t\t\t<\/div><\/figure><figure class='gallery-item'>\n\t\t\t<div class='gallery-icon landscape'>\n\t\t\t\t<img loading=\"lazy\" decoding=\"async\" width=\"735\" height=\"551\" src=\"https:\/\/share.salesianssarria.com\/wp-content\/uploads\/2016\/09\/DSC00962-1024x768.jpg\" class=\"attachment-large size-large\" alt=\"\" srcset=\"https:\/\/share.salesianssarria.com\/wp-content\/uploads\/2016\/09\/DSC00962-1024x768.jpg 1024w, https:\/\/share.salesianssarria.com\/wp-content\/uploads\/2016\/09\/DSC00962-300x225.jpg 300w, https:\/\/share.salesianssarria.com\/wp-content\/uploads\/2016\/09\/DSC00962-768x576.jpg 768w\" sizes=\"(max-width: 735px) 100vw, 735px\" \/>\n\t\t\t<\/div><\/figure><figure class='gallery-item'>\n\t\t\t<div class='gallery-icon landscape'>\n\t\t\t\t<img loading=\"lazy\" decoding=\"async\" width=\"735\" height=\"551\" src=\"https:\/\/share.salesianssarria.com\/wp-content\/uploads\/2016\/09\/DSC01183-1024x768.jpg\" class=\"attachment-large size-large\" alt=\"\" srcset=\"https:\/\/share.salesianssarria.com\/wp-content\/uploads\/2016\/09\/DSC01183-1024x768.jpg 1024w, https:\/\/share.salesianssarria.com\/wp-content\/uploads\/2016\/09\/DSC01183-300x225.jpg 300w, https:\/\/share.salesianssarria.com\/wp-content\/uploads\/2016\/09\/DSC01183-768x576.jpg 768w\" sizes=\"(max-width: 735px) 100vw, 735px\" \/>\n\t\t\t<\/div><\/figure>\n\t\t<\/div>\n\n<h5>Empreses col\u00b7laboradores:<\/h5>\n","protected":false},"excerpt":{"rendered":"<p>Com cada curs, estem preparant diverses iniciatives per finan\u00e7ar el projecte i poder &hellip; <\/p>\n","protected":false},"author":1,"featured_media":0,"parent":0,"menu_order":0,"comment_status":"closed","ping_status":"closed","template":"","meta":{"footnotes":""},"_links":{"self":[{"href":"https:\/\/share.salesianssarria.com\/index.php\/wp-json\/wp\/v2\/pages\/138"}],"collection":[{"href":"https:\/\/share.salesianssarria.com\/index.php\/wp-json\/wp\/v2\/pages"}],"about":[{"href":"https:\/\/share.salesianssarria.com\/index.php\/wp-json\/wp\/v2\/types\/page"}],"author":[{"embeddable":true,"href":"https:\/\/share.salesianssarria.com\/index.php\/wp-json\/wp\/v2\/users\/1"}],"replies":[{"embeddable":true,"href":"https:\/\/share.salesianssarria.com\/index.php\/wp-json\/wp\/v2\/comments?post=138"}],"version-history":[{"count":38,"href":"https:\/\/share.salesianssarria.com\/index.php\/wp-json\/wp\/v2\/pages\/138\/revisions"}],"predecessor-version":[{"id":806,"href":"https:\/\/share.salesianssarria.com\/index.php\/wp-json\/wp\/v2\/pages\/138\/revisions\/806"}],"wp:attachment":[{"href":"https:\/\/share.salesianssarria.com\/index.php\/wp-json\/wp\/v2\/media?parent=138"}],"curies":[{"name":"wp","href":"https:\/\/api.w.org\/{rel}","templated":true}]}}