{"id":140,"date":"2016-10-15T13:58:32","date_gmt":"2016-10-15T12:58:32","guid":{"rendered":"http:\/\/www.salesianssarria.com\/blog\/share-the-light\/?page_id=140"},"modified":"2025-11-18T10:56:33","modified_gmt":"2025-11-18T09:56:33","slug":"fes-te-voluntari","status":"publish","type":"page","link":"https:\/\/share.salesianssarria.com\/index.php\/fes-te-voluntari\/","title":{"rendered":"FES-TE VOLUNTARI"},"content":{"rendered":"<p><!--<a href=\"http:\/\/www.salesianssarria.com\/formularis\/sharethelight\/inscripcions_sharethelight.htm\">Vols viure aquesta gran experi\u00e8ncia?\nOmple el seg\u00fcent formulari i participa en el proc\u00e9s de selecci\u00f3<\/a>--><\/p>\n<h6><strong>T\u2019apuntes a la pr\u00f2xima expedici\u00f3 de voluntariat a Z\u00e0mbia?<\/strong><\/h6>\n<p>A trav\u00e9s de Share, tens l\u2019oportunitat de participar en un voluntariat internacional on podr\u00e0s contribuir a projectes educatius i de suport comunitari amb un gran impacte. Juntament amb altres joves de Salesians Sarri\u00e0 i Salensian College Farnborough, col\u00b7laborar\u00e0s amb entitats locals que promouen l\u2019educaci\u00f3, el desenvolupament i la igualtat d\u2019oportunitats. Treballarem amb comunitats a Mazabuka en \u00e0rees com l\u2019educaci\u00f3, l\u2019empoderament de la joventut i l\u2019augment dels recursos disponibles per a millorar el futur dels i les joves.<\/p>\n<p>Aquesta experi\u00e8ncia de solidaritat no nom\u00e9s consisteix a donar suport, sin\u00f3 tamb\u00e9 en aprendre i cr\u00e9ixer personalment. Viur\u00e0s de primera m\u00e0 la for\u00e7a de la col\u00b7laboraci\u00f3, aprendr\u00e0s de la cultura i tradicions locals, i veur\u00e0s el m\u00f3n des d\u2019una nova perspectiva. A m\u00e9s, el voluntariat et permetr\u00e0 practicar l\u2019angl\u00e8s en un entorn real i enriquidor.<\/p>\n<p>Si vols deixar una empremta positiva i viure una experi\u00e8ncia \u00fanica,\u00a0<strong>inscriu-te abans del 19 de novembre i forma part del canvi!<\/strong><\/p>\n<p>Si vols participar, omple el formulari aqu\u00ed:\u00a0<a href=\"https:\/\/espaiescola.salesianssarria.com\/formularis\/share\/\" target=\"_blank\" rel=\"noopener\">Formulari inscripci\u00f3 2026<\/a>.<\/p>\n<h6><strong>Qu\u00e8 significa ser voluntari?<\/strong><\/h6>\n<p><em>Vull donar les gr\u00e0cies a tots els voluntaris (espanyols i anglesos) que m&#8217;han acompanyat cada dia; als professors Ricardo (pare de l&#8217;expedici\u00f3), Marta (la mare), el nostre estimat David i tamb\u00e9 en Richard (una persona admirable que em queda guardada com a persona de refer\u00e8ncia).\u00a0 Per posar el punt final al meu reconeixement, nomenaria a totes les nenes de <strong>City of Joy<\/strong>. Elles m&#8217;han fet veure que, tot i que la vida es compliqui i arribi a ser un veritable desastre,\u00a0mai\u00a0 podem perdre les ganes de fer, ni viure, ni riure&#8230;<\/em><\/p>\n<p><em>Nom\u00e9s he estat 15 dies a Z\u00e0mbia, per\u00f2 jo ja no s\u00f3c la mateixa persona. El fet de conviure amb gent d\u2019un altre pa\u00eds i amb altres persones d\u2019un continent com l&#8217;\u00c0frica, m&#8217;ha fet veure les coses des d&#8217;una altra perspectiva.<\/em><\/p>\n<blockquote><p>Coses com veure tota aquella gent pobre, que camina pels carrers de terra i pols amb roba trencada sense perdre mai el somriure. O nenes que han estat violades i maltractades, que amb prou feines mengen un\u00a0\u00e0pat al dia, i inexplicablement sempre estan ballant, cantant i de bon humor&#8230; I tenen unes ganes incre\u00efbles d&#8217;aprendre i tirar el pa\u00eds endavant.\u00a0Tamb\u00e9 hem conegut\u00a0fam\u00edlies senceres que viuen en la mis\u00e8ria econ\u00f2mica m\u00e9s absoluta per\u00f2 amb unes reserves de \u2018fe\u2019 fins la mort<\/p><\/blockquote>\n<p><em>De tot aix\u00f2 nom\u00e9s pots ser conscient si viatges a l&#8217;altra part del m\u00f3n. De qu\u00e8 dep\u00e8n la felicitat? La felicitat i el fet de sentir-nos b\u00e9 no dep\u00e8n de les coses materials (milions de persones no tenen ni per alimentar als seus fills) sin\u00f3 de saber valorar al m\u00e0xim i apreciar tot all\u00f2 que tenim. No fa falta gastar-se molts diners per sortir de festa i passar-ho b\u00e9, sin\u00f3 gaudir de la companyia que ens envolta. No necessitem penjar fotos de tot sin\u00f3 viure amb intensitat.<\/em><\/p>\n<p><img loading=\"lazy\" decoding=\"async\" class=\"aligncenter wp-image-927 size-large\" src=\"https:\/\/share.salesianssarria.com\/wp-content\/uploads\/2024\/11\/DSC_0055-1-scaled-e1731051544599-1024x420.jpg\" alt=\"\" width=\"735\" height=\"301\" srcset=\"https:\/\/share.salesianssarria.com\/wp-content\/uploads\/2024\/11\/DSC_0055-1-scaled-e1731051544599-1024x420.jpg 1024w, https:\/\/share.salesianssarria.com\/wp-content\/uploads\/2024\/11\/DSC_0055-1-scaled-e1731051544599-300x123.jpg 300w, https:\/\/share.salesianssarria.com\/wp-content\/uploads\/2024\/11\/DSC_0055-1-scaled-e1731051544599-768x315.jpg 768w, https:\/\/share.salesianssarria.com\/wp-content\/uploads\/2024\/11\/DSC_0055-1-scaled-e1731051544599-1536x629.jpg 1536w, https:\/\/share.salesianssarria.com\/wp-content\/uploads\/2024\/11\/DSC_0055-1-scaled-e1731051544599-2048x839.jpg 2048w\" sizes=\"(max-width: 735px) 100vw, 735px\" \/><\/p>\n<p><em>Penso que gaudir i valorar all\u00f2 que tenim \u00e9s de les millors sorts que existeixen. Aquest viatge m\u2019ha canviat molt! Ara crec que tot anir\u00e0 b\u00e9 si ens esforcem, que hem de lluitar per un futur millor.<\/em><\/p>\n<p><em>Nom\u00e9s donar les gr\u00e0cies a <strong>Share<\/strong>, a <strong>Z\u00e0mbia<\/strong> en general, i en especial a totes les nenes <strong>City of Joy<\/strong>, que m\u2019han donat una aut\u00e8ntica lli\u00e7\u00f3 de vida i fe. Nom\u00e9s espero i desitjo poder tornar algun dia en un futur per aprendre m\u00e9s d\u2019aquell lloc, i ajudar en tot all\u00f2 que estigui al meu abast. Ara s\u00e9 que Z\u00e0mbia no t\u00e9 res, ni menjar, ni diners, ni centres comercials, ni autopistes&#8230; per\u00f2 en el fons, t\u00e9 molt m\u00e9s que nosaltres. <strong>Twalumba<\/strong><\/em><\/p>\n<p><strong>Guillem Fenollosa<br \/>\n<\/strong>Alumne voluntari 2016<\/p>\n<p><!--<a href=\"https:\/\/www.salesianssarria.com\/formularis\/sharethelight\/inscripcions_sharethelight.htm\">Vols viure aquesta gran experi\u00e8ncia?\nOmple el seg\u00fcent formulari i participa en el proc\u00e9s de selecci\u00f3<\/a>--><\/p>\n","protected":false},"excerpt":{"rendered":"<p>T\u2019apuntes a la pr\u00f2xima expedici\u00f3 de voluntariat a Z\u00e0mbia? A trav\u00e9s de Share, &hellip; <\/p>\n","protected":false},"author":1,"featured_media":0,"parent":0,"menu_order":0,"comment_status":"closed","ping_status":"closed","template":"","meta":{"footnotes":""},"_links":{"self":[{"href":"https:\/\/share.salesianssarria.com\/index.php\/wp-json\/wp\/v2\/pages\/140"}],"collection":[{"href":"https:\/\/share.salesianssarria.com\/index.php\/wp-json\/wp\/v2\/pages"}],"about":[{"href":"https:\/\/share.salesianssarria.com\/index.php\/wp-json\/wp\/v2\/types\/page"}],"author":[{"embeddable":true,"href":"https:\/\/share.salesianssarria.com\/index.php\/wp-json\/wp\/v2\/users\/1"}],"replies":[{"embeddable":true,"href":"https:\/\/share.salesianssarria.com\/index.php\/wp-json\/wp\/v2\/comments?post=140"}],"version-history":[{"count":17,"href":"https:\/\/share.salesianssarria.com\/index.php\/wp-json\/wp\/v2\/pages\/140\/revisions"}],"predecessor-version":[{"id":1040,"href":"https:\/\/share.salesianssarria.com\/index.php\/wp-json\/wp\/v2\/pages\/140\/revisions\/1040"}],"wp:attachment":[{"href":"https:\/\/share.salesianssarria.com\/index.php\/wp-json\/wp\/v2\/media?parent=140"}],"curies":[{"name":"wp","href":"https:\/\/api.w.org\/{rel}","templated":true}]}}