{"id":732,"date":"2023-11-17T13:42:35","date_gmt":"2023-11-17T12:42:35","guid":{"rendered":"https:\/\/www.salesianssarria.com\/blog\/share\/?page_id=732"},"modified":"2025-11-18T10:54:18","modified_gmt":"2025-11-18T09:54:18","slug":"inici","status":"publish","type":"page","link":"https:\/\/share.salesianssarria.com\/","title":{"rendered":"Projecte SHARE"},"content":{"rendered":"\n<figure class=\"wp-block-gallery has-nested-images columns-default is-cropped wp-block-gallery-1 is-layout-flex wp-block-gallery-is-layout-flex\">\n<figure class=\"wp-block-image size-large is-style-default\"><img loading=\"lazy\" decoding=\"async\" width=\"2560\" height=\"1599\" data-id=\"911\" src=\"https:\/\/share.salesianssarria.com\/wp-content\/uploads\/2024\/10\/IMG_7128-edited-1-scaled.jpg\" alt=\"\" class=\"wp-image-911\" srcset=\"https:\/\/share.salesianssarria.com\/wp-content\/uploads\/2024\/10\/IMG_7128-edited-1-scaled.jpg 2560w, https:\/\/share.salesianssarria.com\/wp-content\/uploads\/2024\/10\/IMG_7128-edited-1-300x187.jpg 300w, https:\/\/share.salesianssarria.com\/wp-content\/uploads\/2024\/10\/IMG_7128-edited-1-1024x640.jpg 1024w, https:\/\/share.salesianssarria.com\/wp-content\/uploads\/2024\/10\/IMG_7128-edited-1-768x480.jpg 768w, https:\/\/share.salesianssarria.com\/wp-content\/uploads\/2024\/10\/IMG_7128-edited-1-1536x960.jpg 1536w, https:\/\/share.salesianssarria.com\/wp-content\/uploads\/2024\/10\/IMG_7128-edited-1-2048x1279.jpg 2048w\" sizes=\"(max-width: 2560px) 100vw, 2560px\" \/><\/figure>\n\n\n\n<figure class=\"wp-block-image size-large\"><img loading=\"lazy\" decoding=\"async\" width=\"2560\" height=\"1439\" data-id=\"829\" src=\"https:\/\/www.salesianssarria.com\/blog\/share\/wp-content\/uploads\/2023\/11\/mural-edited-scaled.jpeg\" alt=\"\" class=\"wp-image-829\" srcset=\"https:\/\/share.salesianssarria.com\/wp-content\/uploads\/2023\/11\/mural-edited-scaled.jpeg 2560w, https:\/\/share.salesianssarria.com\/wp-content\/uploads\/2023\/11\/mural-edited-300x169.jpeg 300w, https:\/\/share.salesianssarria.com\/wp-content\/uploads\/2023\/11\/mural-edited-1024x576.jpeg 1024w, https:\/\/share.salesianssarria.com\/wp-content\/uploads\/2023\/11\/mural-edited-768x432.jpeg 768w, https:\/\/share.salesianssarria.com\/wp-content\/uploads\/2023\/11\/mural-edited-1536x864.jpeg 1536w, https:\/\/share.salesianssarria.com\/wp-content\/uploads\/2023\/11\/mural-edited-2048x1152.jpeg 2048w\" sizes=\"(max-width: 2560px) 100vw, 2560px\" \/><\/figure>\n\n\n\n<figure class=\"wp-block-image size-large\"><img loading=\"lazy\" decoding=\"async\" width=\"2560\" height=\"1441\" data-id=\"830\" src=\"https:\/\/www.salesianssarria.com\/blog\/share\/wp-content\/uploads\/2023\/11\/final-edited-scaled.jpeg\" alt=\"\" class=\"wp-image-830\" srcset=\"https:\/\/share.salesianssarria.com\/wp-content\/uploads\/2023\/11\/final-edited-scaled.jpeg 2560w, https:\/\/share.salesianssarria.com\/wp-content\/uploads\/2023\/11\/final-edited-300x169.jpeg 300w, https:\/\/share.salesianssarria.com\/wp-content\/uploads\/2023\/11\/final-edited-1024x576.jpeg 1024w, https:\/\/share.salesianssarria.com\/wp-content\/uploads\/2023\/11\/final-edited-768x432.jpeg 768w, https:\/\/share.salesianssarria.com\/wp-content\/uploads\/2023\/11\/final-edited-1536x864.jpeg 1536w, https:\/\/share.salesianssarria.com\/wp-content\/uploads\/2023\/11\/final-edited-2048x1152.jpeg 2048w\" sizes=\"(max-width: 2560px) 100vw, 2560px\" \/><\/figure>\n<\/figure>\n\n\n\n<p>El Projecte Share, \u00e9s una concreci\u00f3 de l&#8217;opci\u00f3 de la nostra escola per educar en la solidaritat a trav\u00e9s d&#8217;una experi\u00e8ncia de voluntariat a Z\u00e0mbia (\u00c0frica), amb l\u2019objectiu d&#8217;ajudar i contribuir a millorar les comunitats locals, d\u2019afavorir l\u2019intercanvi cultural i el coneixement mutu, aix\u00ed com la pr\u00e0ctica de l\u2019angl\u00e8s en un context internacional.<\/p>\n\n\n\n<p>Des del vessant solidari, m\u00e9s que l\u2019ajuda puntual, el projecte Share un espai de trobada i aprenentatge en qu\u00e8 volem reflexionar sobre les desigualtats globals i promoure un comprom\u00eds actiu per un m\u00f3n m\u00e9s just. Col\u00b7laborem amb Salesians Farnborough i les germanes Salesianes de City of Joy (Mazabuka), en diferents iniciatives per millorar els recursos i les oportunitats dels i les joves de Z\u00e0mbia. Intentant des del que est\u00e0 al nostre abast, que aquests desequilibris es facin m\u00e9s petits.  <\/p>\n\n\n\n<p>El projecte&nbsp;Share&nbsp;es desenvolupa des del 2013 i l&#8217;expedici\u00f3 d&#8217;aquest estiu 2026 ser\u00e0 la&nbsp;9\u00aa&nbsp;edici\u00f3, les <strong>inscripcions estan obertes fins al 19 de novembre<\/strong>. Si est\u00e0s interessat o interessada&nbsp;en&nbsp;fer un voluntariat internacional, <a href=\"https:\/\/espaiescola.salesianssarria.com\/formularis\/share\/\" data-type=\"link\" data-id=\"https:\/\/espaiescola.salesianssarria.com\/formularis\/share\/\">apunta-t&#8217;hi a l&#8217;enlla\u00e7<\/a>!<\/p>\n\n\n\n<p>Aqu\u00ed us deixem el <a href=\"https:\/\/share.salesianssarria.com\/wp-content\/uploads\/2025\/11\/Triptic-informatiu-Share2026.pdf\" data-type=\"attachment\" data-id=\"1037\" target=\"_blank\" rel=\"noreferrer noopener\">tr\u00edptic informatiu<\/a> per l&#8217;expedici\u00f3 Share del curs 2025-2026.<\/p>\n","protected":false},"excerpt":{"rendered":"<p>El Projecte Share, \u00e9s una concreci\u00f3 de l&#8217;opci\u00f3 de la nostra escola per &hellip; <\/p>\n","protected":false},"author":6,"featured_media":0,"parent":0,"menu_order":0,"comment_status":"closed","ping_status":"closed","template":"","meta":{"footnotes":""},"_links":{"self":[{"href":"https:\/\/share.salesianssarria.com\/index.php\/wp-json\/wp\/v2\/pages\/732"}],"collection":[{"href":"https:\/\/share.salesianssarria.com\/index.php\/wp-json\/wp\/v2\/pages"}],"about":[{"href":"https:\/\/share.salesianssarria.com\/index.php\/wp-json\/wp\/v2\/types\/page"}],"author":[{"embeddable":true,"href":"https:\/\/share.salesianssarria.com\/index.php\/wp-json\/wp\/v2\/users\/6"}],"replies":[{"embeddable":true,"href":"https:\/\/share.salesianssarria.com\/index.php\/wp-json\/wp\/v2\/comments?post=732"}],"version-history":[{"count":19,"href":"https:\/\/share.salesianssarria.com\/index.php\/wp-json\/wp\/v2\/pages\/732\/revisions"}],"predecessor-version":[{"id":1038,"href":"https:\/\/share.salesianssarria.com\/index.php\/wp-json\/wp\/v2\/pages\/732\/revisions\/1038"}],"wp:attachment":[{"href":"https:\/\/share.salesianssarria.com\/index.php\/wp-json\/wp\/v2\/media?parent=732"}],"curies":[{"name":"wp","href":"https:\/\/api.w.org\/{rel}","templated":true}]}}