{"id":810,"date":"2023-11-20T14:05:31","date_gmt":"2023-11-20T13:05:31","guid":{"rendered":"https:\/\/www.salesianssarria.com\/blog\/share\/?page_id=810"},"modified":"2025-11-18T10:55:28","modified_gmt":"2025-11-18T09:55:28","slug":"empreses","status":"publish","type":"page","link":"https:\/\/share.salesianssarria.com\/index.php\/empreses\/","title":{"rendered":"Empreses"},"content":{"rendered":"\n<p><strong>Col\u00b7labora amb Share, inverteix en el futur dels joves a Z\u00e0mbia<\/strong><\/p>\n\n\n\n<p>El Projecte Share promou el desenvolupament educatiu i comunitari a Z\u00e0mbia, amb un impacte positiu en l\u2019educaci\u00f3 i les oportunitats de joves i fam\u00edlies. La vostra contribuci\u00f3 ajudar\u00e0 a proporcionar recursos educatius, materials b\u00e0sics i programes de formaci\u00f3 que millorin el futur de moltes persones. Gr\u00e0cies a les donacions, aquest projecte ofereix als nostres estudiants la possibilitat de viure una experi\u00e8ncia educativa de solidaritat i creixement personal que fomenta el comprom\u00eds amb un m\u00f3n m\u00e9s just.<\/p>\n\n\n\n<p>La vostra aportaci\u00f3 com a empresa far\u00e0 possible arribar a m\u00e9s fam\u00edlies i ampliar l\u2019impacte d\u2019aquestes iniciatives. A m\u00e9s, podem oferir un certificat de donaci\u00f3 que permetr\u00e0 deduccions fiscals segons la normativa vigent, un avantatge directe per al vostre comprom\u00eds social.<\/p>\n\n\n\n<p>Unim forces per crear un futur amb m\u00e9s oportunitats per a tothom. Contacteu amb nosaltres per saber com podeu col\u00b7laborar: <a href=\"mailto:share@sarria.salesians.cat\">share@sarria.salesians.cat<\/a> <\/p>\n","protected":false},"excerpt":{"rendered":"<p>Col\u00b7labora amb Share, inverteix en el futur dels joves a Z\u00e0mbia El Projecte &hellip; <\/p>\n","protected":false},"author":6,"featured_media":0,"parent":0,"menu_order":0,"comment_status":"closed","ping_status":"closed","template":"","meta":{"footnotes":""},"_links":{"self":[{"href":"https:\/\/share.salesianssarria.com\/index.php\/wp-json\/wp\/v2\/pages\/810"}],"collection":[{"href":"https:\/\/share.salesianssarria.com\/index.php\/wp-json\/wp\/v2\/pages"}],"about":[{"href":"https:\/\/share.salesianssarria.com\/index.php\/wp-json\/wp\/v2\/types\/page"}],"author":[{"embeddable":true,"href":"https:\/\/share.salesianssarria.com\/index.php\/wp-json\/wp\/v2\/users\/6"}],"replies":[{"embeddable":true,"href":"https:\/\/share.salesianssarria.com\/index.php\/wp-json\/wp\/v2\/comments?post=810"}],"version-history":[{"count":3,"href":"https:\/\/share.salesianssarria.com\/index.php\/wp-json\/wp\/v2\/pages\/810\/revisions"}],"predecessor-version":[{"id":1039,"href":"https:\/\/share.salesianssarria.com\/index.php\/wp-json\/wp\/v2\/pages\/810\/revisions\/1039"}],"wp:attachment":[{"href":"https:\/\/share.salesianssarria.com\/index.php\/wp-json\/wp\/v2\/media?parent=810"}],"curies":[{"name":"wp","href":"https:\/\/api.w.org\/{rel}","templated":true}]}}