{"id":969,"date":"2025-01-28T18:53:57","date_gmt":"2025-01-28T17:53:57","guid":{"rendered":"https:\/\/share.salesianssarria.com\/?page_id=969"},"modified":"2025-01-29T10:13:16","modified_gmt":"2025-01-29T09:13:16","slug":"city-of-joy","status":"publish","type":"page","link":"https:\/\/share.salesianssarria.com\/index.php\/city-of-joy\/","title":{"rendered":"City of Joy"},"content":{"rendered":"\n<p>Als anys 80, la <strong>pand\u00e8mia del VIH\/SIDA<\/strong> va provocar que moltes fam\u00edlies a Z\u00e0mbia quedessin desestructurades, deixant milers de nens i nenes orfes, sovint a c\u00e0rrec de d&#8217;altres familiars. Aquesta situaci\u00f3, <strong>sumada a la pobresa extrema<\/strong>, va incrementar la <strong>vulnerabilitat de moltes joves<\/strong>, exposades al risc de maltractaments i abusos.<\/p>\n\n\n\n<p>La llar <strong>City of Joy<\/strong>, a Mazabuka, gestionada per les Salesianes de Don Bosco, va n\u00e9ixer per acollir i oferir una oportunitat a aquestes <strong>noies en risc d&#8217;exclusi\u00f3 social<\/strong>. Oferint un <strong>espai segur<\/strong> on poden accedir a l&#8217;educaci\u00f3, cr\u00e9ixer en confian\u00e7a i descobrir els seus talents.  El projecte <strong>Share<\/strong>, en col\u00b7laboraci\u00f3 amb Salesians Farnborough, va n\u00e9ixer amb la voluntat de donar suport a aquest projecte de <strong>City of Joy<\/strong> i va derivar en la creaci\u00f3 d&#8217;<strong>altres iniciatives solid\u00e0ries<\/strong> per intentar transformar vides i crear noves oportunitats.<\/p>\n\n\n\n<figure class=\"wp-block-gallery has-nested-images columns-default is-cropped wp-block-gallery-1 is-layout-flex wp-block-gallery-is-layout-flex\">\n<figure class=\"wp-block-image size-large\"><img loading=\"lazy\" decoding=\"async\" width=\"1024\" height=\"768\" data-id=\"858\" src=\"https:\/\/share.salesianssarria.com\/wp-content\/uploads\/2023\/11\/final-1-1024x768.jpeg\" alt=\"\" class=\"wp-image-858\" srcset=\"https:\/\/share.salesianssarria.com\/wp-content\/uploads\/2023\/11\/final-1-1024x768.jpeg 1024w, https:\/\/share.salesianssarria.com\/wp-content\/uploads\/2023\/11\/final-1-300x225.jpeg 300w, https:\/\/share.salesianssarria.com\/wp-content\/uploads\/2023\/11\/final-1-768x576.jpeg 768w, https:\/\/share.salesianssarria.com\/wp-content\/uploads\/2023\/11\/final-1-1536x1152.jpeg 1536w, https:\/\/share.salesianssarria.com\/wp-content\/uploads\/2023\/11\/final-1-2048x1536.jpeg 2048w\" sizes=\"(max-width: 1024px) 100vw, 1024px\" \/><\/figure>\n\n\n\n<figure class=\"wp-block-image size-large\"><img loading=\"lazy\" decoding=\"async\" width=\"1024\" height=\"768\" data-id=\"837\" src=\"https:\/\/share.salesianssarria.com\/wp-content\/uploads\/2023\/11\/IMG_3565-1024x768.jpeg\" alt=\"\" class=\"wp-image-837\" srcset=\"https:\/\/share.salesianssarria.com\/wp-content\/uploads\/2023\/11\/IMG_3565-1024x768.jpeg 1024w, https:\/\/share.salesianssarria.com\/wp-content\/uploads\/2023\/11\/IMG_3565-300x225.jpeg 300w, https:\/\/share.salesianssarria.com\/wp-content\/uploads\/2023\/11\/IMG_3565-768x576.jpeg 768w, https:\/\/share.salesianssarria.com\/wp-content\/uploads\/2023\/11\/IMG_3565-1536x1152.jpeg 1536w, https:\/\/share.salesianssarria.com\/wp-content\/uploads\/2023\/11\/IMG_3565-2048x1536.jpeg 2048w\" sizes=\"(max-width: 1024px) 100vw, 1024px\" \/><\/figure>\n\n\n\n<figure class=\"wp-block-image size-large\"><img loading=\"lazy\" decoding=\"async\" width=\"1024\" height=\"640\" data-id=\"911\" src=\"https:\/\/share.salesianssarria.com\/wp-content\/uploads\/2024\/10\/IMG_7128-edited-1-1024x640.jpg\" alt=\"\" class=\"wp-image-911\" srcset=\"https:\/\/share.salesianssarria.com\/wp-content\/uploads\/2024\/10\/IMG_7128-edited-1-1024x640.jpg 1024w, https:\/\/share.salesianssarria.com\/wp-content\/uploads\/2024\/10\/IMG_7128-edited-1-300x187.jpg 300w, https:\/\/share.salesianssarria.com\/wp-content\/uploads\/2024\/10\/IMG_7128-edited-1-768x480.jpg 768w, https:\/\/share.salesianssarria.com\/wp-content\/uploads\/2024\/10\/IMG_7128-edited-1-1536x960.jpg 1536w, https:\/\/share.salesianssarria.com\/wp-content\/uploads\/2024\/10\/IMG_7128-edited-1-2048x1279.jpg 2048w\" sizes=\"(max-width: 1024px) 100vw, 1024px\" \/><\/figure>\n<\/figure>\n\n\n\n<p>La llar est\u00e0 organitzada en <strong>tres cases<\/strong>, on conviuen amb una persona referent que les acompanya en el dia a dia, creant un <strong>ambient familiar<\/strong> i aprenent a gestionar les seves tasques di\u00e0ries. Les noies viuen a City of Joy, habitualment, fins que acaben els estudis de secund\u00e0ria independentment de l&#8217;edat que tinguin. Assisteixen a l\u2019escola en diferents torns, ja que el sistema educatiu local est\u00e0 molt saturat i es divideix en franges hor\u00e0ries per aprofitar al m\u00e0xim els recursos.<\/p>\n\n\n\n<p>Aquesta casa no nom\u00e9s \u00e9s un lloc d&#8217;acollida sin\u00f3 tamb\u00e9 un <strong>centre comunitari<\/strong>, dissenyat per oferir un futur millor a les nenes que hi viuen. A les tardes, City of Joy s&#8217;obre al barri i es converteix en un <strong>oratori<\/strong> perqu\u00e8 nens i nenes no estiguin al carrer, i hi ha joves voluntaris que ajuden en el funcionament dels jocs i activitats. A m\u00e9s, \u00e9s l\u2019espai on fem les <strong>reparacions t\u00e8cniques<\/strong> per millorar les instal\u00b7lacions i les cases de les noies, i trobem la <em>Volunteers House<\/em> que \u00e9s l&#8217;<strong>allotjament dels voluntaris<\/strong>.<\/p>\n","protected":false},"excerpt":{"rendered":"<p>Als anys 80, la pand\u00e8mia del VIH\/SIDA va provocar que moltes fam\u00edlies a &hellip; <\/p>\n","protected":false},"author":6,"featured_media":0,"parent":0,"menu_order":0,"comment_status":"closed","ping_status":"closed","template":"","meta":{"footnotes":""},"_links":{"self":[{"href":"https:\/\/share.salesianssarria.com\/index.php\/wp-json\/wp\/v2\/pages\/969"}],"collection":[{"href":"https:\/\/share.salesianssarria.com\/index.php\/wp-json\/wp\/v2\/pages"}],"about":[{"href":"https:\/\/share.salesianssarria.com\/index.php\/wp-json\/wp\/v2\/types\/page"}],"author":[{"embeddable":true,"href":"https:\/\/share.salesianssarria.com\/index.php\/wp-json\/wp\/v2\/users\/6"}],"replies":[{"embeddable":true,"href":"https:\/\/share.salesianssarria.com\/index.php\/wp-json\/wp\/v2\/comments?post=969"}],"version-history":[{"count":5,"href":"https:\/\/share.salesianssarria.com\/index.php\/wp-json\/wp\/v2\/pages\/969\/revisions"}],"predecessor-version":[{"id":977,"href":"https:\/\/share.salesianssarria.com\/index.php\/wp-json\/wp\/v2\/pages\/969\/revisions\/977"}],"wp:attachment":[{"href":"https:\/\/share.salesianssarria.com\/index.php\/wp-json\/wp\/v2\/media?parent=969"}],"curies":[{"name":"wp","href":"https:\/\/api.w.org\/{rel}","templated":true}]}}