{"id":978,"date":"2025-01-29T10:27:24","date_gmt":"2025-01-29T09:27:24","guid":{"rendered":"https:\/\/share.salesianssarria.com\/?page_id=978"},"modified":"2025-11-18T10:57:48","modified_gmt":"2025-11-18T09:57:48","slug":"scholarship-programme","status":"publish","type":"page","link":"https:\/\/share.salesianssarria.com\/index.php\/scholarship-programme\/","title":{"rendered":"Scholarship programme"},"content":{"rendered":"\n<h5 class=\"wp-block-heading\">L&#8217;educaci\u00f3 transforma vides, \u00e9s la clau per un futur millor<\/h5>\n\n\n\n<p>El <strong>Scholarship Programme<\/strong> \u00e9s una iniciativa del projecte <strong>Share<\/strong> que garanteix que joves de Z\u00e0mbia puguin continuar els seus estudis amb suport econ\u00f2mic. Gr\u00e0cies a les beques, cada any diversos alumnes poden accedir a l\u2019educaci\u00f3 secund\u00e0ria i superior, obrint camins per al seu futur.<\/p>\n\n\n\n<p>Qualsevol persona o grup pot apadrinar una beca i contribuir a cobrir els costos educatius d\u2019un curs. Els preus varien segons l\u2019escola i el nivell d\u2019estudis, amb imports des de <strong>45\u20ac per curs<\/strong> a secund\u00e0ria fins a <strong>450\u20ac per formacions universit\u00e0ries<\/strong> <strong>especialitzades<\/strong>.<\/p>\n\n\n\n<p>L&#8217;objectiu del programa no \u00e9s becar molts alumnes, sin\u00f3 garantir que cada estudiant pugui completar <strong>tota la seva etapa educativa<\/strong>. Per aix\u00f2, ens comprometem a donar suport als alumnes fins al final dels seus estudis, evitant que hagin d\u2019abandonar per manca de recursos.<\/p>\n\n\n\n<figure class=\"wp-block-image size-large\"><img loading=\"lazy\" decoding=\"async\" width=\"1024\" height=\"458\" src=\"https:\/\/share.salesianssarria.com\/wp-content\/uploads\/2025\/01\/entrevistes-SP-1024x458.png\" alt=\"\" class=\"wp-image-979\" srcset=\"https:\/\/share.salesianssarria.com\/wp-content\/uploads\/2025\/01\/entrevistes-SP-1024x458.png 1024w, https:\/\/share.salesianssarria.com\/wp-content\/uploads\/2025\/01\/entrevistes-SP-300x134.png 300w, https:\/\/share.salesianssarria.com\/wp-content\/uploads\/2025\/01\/entrevistes-SP-768x343.png 768w, https:\/\/share.salesianssarria.com\/wp-content\/uploads\/2025\/01\/entrevistes-SP.png 1266w\" sizes=\"(max-width: 1024px) 100vw, 1024px\" \/><\/figure>\n\n\n\n<p>Cada any, durant el viatge a Z\u00e0mbia, ens reunim amb els becats per fer un seguiment personalitzat: registrem la seva evoluci\u00f3, coneixem les seves inquietuds i els ajudem a planificar el seu futur. Actualment, estem becant a 10 alumnes, per\u00f2 encara no podem cobrir tota la seva etapa educativa.<\/p>\n\n\n\n<p>Per posar-ho en perspectiva, <strong>1 kwacha zambi\u00e0 equival aproximadament a 0,038\u20ac<\/strong>, fet que demostra com una petita aportaci\u00f3 pot marcar una gran difer\u00e8ncia en la vida d\u2019un estudiant. <\/p>\n","protected":false},"excerpt":{"rendered":"<p>L&#8217;educaci\u00f3 transforma vides, \u00e9s la clau per un futur millor El Scholarship Programme &hellip; <\/p>\n","protected":false},"author":6,"featured_media":0,"parent":0,"menu_order":0,"comment_status":"closed","ping_status":"closed","template":"","meta":{"footnotes":""},"_links":{"self":[{"href":"https:\/\/share.salesianssarria.com\/index.php\/wp-json\/wp\/v2\/pages\/978"}],"collection":[{"href":"https:\/\/share.salesianssarria.com\/index.php\/wp-json\/wp\/v2\/pages"}],"about":[{"href":"https:\/\/share.salesianssarria.com\/index.php\/wp-json\/wp\/v2\/types\/page"}],"author":[{"embeddable":true,"href":"https:\/\/share.salesianssarria.com\/index.php\/wp-json\/wp\/v2\/users\/6"}],"replies":[{"embeddable":true,"href":"https:\/\/share.salesianssarria.com\/index.php\/wp-json\/wp\/v2\/comments?post=978"}],"version-history":[{"count":3,"href":"https:\/\/share.salesianssarria.com\/index.php\/wp-json\/wp\/v2\/pages\/978\/revisions"}],"predecessor-version":[{"id":1041,"href":"https:\/\/share.salesianssarria.com\/index.php\/wp-json\/wp\/v2\/pages\/978\/revisions\/1041"}],"wp:attachment":[{"href":"https:\/\/share.salesianssarria.com\/index.php\/wp-json\/wp\/v2\/media?parent=978"}],"curies":[{"name":"wp","href":"https:\/\/api.w.org\/{rel}","templated":true}]}}