{"id":988,"date":"2025-01-29T18:31:25","date_gmt":"2025-01-29T17:31:25","guid":{"rendered":"https:\/\/share.salesianssarria.com\/?page_id=988"},"modified":"2025-01-29T18:31:25","modified_gmt":"2025-01-29T17:31:25","slug":"porridge-club","status":"publish","type":"page","link":"https:\/\/share.salesianssarria.com\/index.php\/porridge-club\/","title":{"rendered":"Porridge Club"},"content":{"rendered":"\n<p>A Luyobolola School, una de les escoles amb les que col\u00b7laborem a Zambia, hem posat en marxa el&nbsp;<strong>Porridge Club<\/strong>, un programa d\u2019alimentaci\u00f3 escolar que garanteix un \u00e0pat diari als nens i nenes que hi assisteixen. Aquesta iniciativa, que arriba a&nbsp;<strong>1.200 nens i nenes a l\u2019any<\/strong>, t\u00e9 un cost de nom\u00e9s&nbsp;<strong>10\u20ac anuals per alumne<\/strong>, per\u00f2 el seu impacte \u00e9s immens.<\/p>\n\n\n\n<p>El Porridge Club ofereix un esmorzar o berenar a meitat de l\u2019horari escolar, una mica tan senzill com un bol de farinetes que fa una gran difer\u00e8ncia. Per a molts d\u2019aquests nens i nenes, aquest \u00e9s l\u2019\u00fanic \u00e0pat del dia, ja que les seves fam\u00edlies viuen en situacions d\u2019extrema pobresa. Gr\u00e0cies a aquest programa, no nom\u00e9s s\u2019assegura que els nens rebin una alimentaci\u00f3 b\u00e0sica, sin\u00f3 que tamb\u00e9 s\u2019<strong>incentiva l\u2019assist\u00e8ncia a l\u2019escola<\/strong> i es millora la seva capacitat de concentraci\u00f3 a classe.<\/p>\n\n\n\n<figure class=\"wp-block-gallery has-nested-images columns-default is-cropped wp-block-gallery-1 is-layout-flex wp-block-gallery-is-layout-flex\">\n<figure class=\"wp-block-image size-large\"><img loading=\"lazy\" decoding=\"async\" width=\"683\" height=\"1024\" data-id=\"902\" src=\"https:\/\/share.salesianssarria.com\/wp-content\/uploads\/2024\/10\/DSC_0140-683x1024.jpg\" alt=\"\" class=\"wp-image-902\" srcset=\"https:\/\/share.salesianssarria.com\/wp-content\/uploads\/2024\/10\/DSC_0140-683x1024.jpg 683w, https:\/\/share.salesianssarria.com\/wp-content\/uploads\/2024\/10\/DSC_0140-200x300.jpg 200w, https:\/\/share.salesianssarria.com\/wp-content\/uploads\/2024\/10\/DSC_0140-768x1152.jpg 768w, https:\/\/share.salesianssarria.com\/wp-content\/uploads\/2024\/10\/DSC_0140-1024x1536.jpg 1024w, https:\/\/share.salesianssarria.com\/wp-content\/uploads\/2024\/10\/DSC_0140-1365x2048.jpg 1365w, https:\/\/share.salesianssarria.com\/wp-content\/uploads\/2024\/10\/DSC_0140-scaled.jpg 1707w\" sizes=\"(max-width: 683px) 100vw, 683px\" \/><\/figure>\n\n\n\n<figure class=\"wp-block-image size-large\"><img loading=\"lazy\" decoding=\"async\" width=\"683\" height=\"1024\" data-id=\"873\" src=\"https:\/\/share.salesianssarria.com\/wp-content\/uploads\/2024\/10\/DSC_0065-683x1024.jpg\" alt=\"\" class=\"wp-image-873\" srcset=\"https:\/\/share.salesianssarria.com\/wp-content\/uploads\/2024\/10\/DSC_0065-683x1024.jpg 683w, https:\/\/share.salesianssarria.com\/wp-content\/uploads\/2024\/10\/DSC_0065-200x300.jpg 200w, https:\/\/share.salesianssarria.com\/wp-content\/uploads\/2024\/10\/DSC_0065-768x1152.jpg 768w, https:\/\/share.salesianssarria.com\/wp-content\/uploads\/2024\/10\/DSC_0065-1024x1536.jpg 1024w, https:\/\/share.salesianssarria.com\/wp-content\/uploads\/2024\/10\/DSC_0065-1365x2048.jpg 1365w, https:\/\/share.salesianssarria.com\/wp-content\/uploads\/2024\/10\/DSC_0065-scaled.jpg 1707w\" sizes=\"(max-width: 683px) 100vw, 683px\" \/><\/figure>\n\n\n\n<figure class=\"wp-block-image size-large\"><img loading=\"lazy\" decoding=\"async\" width=\"768\" height=\"1024\" data-id=\"991\" src=\"https:\/\/share.salesianssarria.com\/wp-content\/uploads\/2025\/01\/IMG_0093-768x1024.jpg\" alt=\"\" class=\"wp-image-991\" srcset=\"https:\/\/share.salesianssarria.com\/wp-content\/uploads\/2025\/01\/IMG_0093-768x1024.jpg 768w, https:\/\/share.salesianssarria.com\/wp-content\/uploads\/2025\/01\/IMG_0093-225x300.jpg 225w, https:\/\/share.salesianssarria.com\/wp-content\/uploads\/2025\/01\/IMG_0093-1152x1536.jpg 1152w, https:\/\/share.salesianssarria.com\/wp-content\/uploads\/2025\/01\/IMG_0093-1536x2048.jpg 1536w, https:\/\/share.salesianssarria.com\/wp-content\/uploads\/2025\/01\/IMG_0093-scaled.jpg 1920w\" sizes=\"(max-width: 768px) 100vw, 768px\" \/><\/figure>\n<\/figure>\n\n\n\n<p>A m\u00e9s de l\u2019alimentaci\u00f3, des de SHARE col\u00b7laborem per millorar les instal\u00b7lacions de l\u2019escola i realitzem activitats educatives quan visitem Z\u00e0mbia amb el voluntariat. Durant aquestes visites, <strong>els voluntaris imparteixen classes<\/strong> en grups de diferents nivells, contribuint a l&#8217;intercanvi cultural i descobreixen la passi\u00f3 que t\u00e9 l&#8217;alumnat de Luyobolola School per aprendre.<\/p>\n\n\n\n<p>El Porridge Club \u00e9s molt m\u00e9s que un programa d\u2019alimentaci\u00f3, amb nom\u00e9s\u00a0<strong>10\u20ac anuals<\/strong>, es pot garantir que un nen o nena tingui acc\u00e9s a un \u00e0pat diari i, amb aix\u00f2, l\u2019oportunitat d\u2019aprendre.<\/p>\n","protected":false},"excerpt":{"rendered":"<p>A Luyobolola School, una de les escoles amb les que col\u00b7laborem a Zambia, &hellip; <\/p>\n","protected":false},"author":6,"featured_media":0,"parent":0,"menu_order":0,"comment_status":"closed","ping_status":"closed","template":"","meta":{"footnotes":""},"_links":{"self":[{"href":"https:\/\/share.salesianssarria.com\/index.php\/wp-json\/wp\/v2\/pages\/988"}],"collection":[{"href":"https:\/\/share.salesianssarria.com\/index.php\/wp-json\/wp\/v2\/pages"}],"about":[{"href":"https:\/\/share.salesianssarria.com\/index.php\/wp-json\/wp\/v2\/types\/page"}],"author":[{"embeddable":true,"href":"https:\/\/share.salesianssarria.com\/index.php\/wp-json\/wp\/v2\/users\/6"}],"replies":[{"embeddable":true,"href":"https:\/\/share.salesianssarria.com\/index.php\/wp-json\/wp\/v2\/comments?post=988"}],"version-history":[{"count":1,"href":"https:\/\/share.salesianssarria.com\/index.php\/wp-json\/wp\/v2\/pages\/988\/revisions"}],"predecessor-version":[{"id":992,"href":"https:\/\/share.salesianssarria.com\/index.php\/wp-json\/wp\/v2\/pages\/988\/revisions\/992"}],"wp:attachment":[{"href":"https:\/\/share.salesianssarria.com\/index.php\/wp-json\/wp\/v2\/media?parent=988"}],"curies":[{"name":"wp","href":"https:\/\/api.w.org\/{rel}","templated":true}]}}